{"id":148,"date":"2019-04-03T11:31:33","date_gmt":"2019-04-03T13:31:33","guid":{"rendered":"https:\/\/www.augustozambonato.com\/shop\/?post_type=product&#038;p=148"},"modified":"2020-11-20T10:35:54","modified_gmt":"2020-11-20T12:35:54","slug":"sketchbook-getout","status":"publish","type":"product","link":"https:\/\/www.augustozambonato.com\/shop\/product\/sketchbook-getout\/","title":{"rendered":"Sketchbook Get Out"},"content":{"rendered":"","protected":false},"excerpt":{"rendered":"<p>Sketchbook 9 x 14 cm com 20 p\u00e1ginas sem pauta. Capa flex\u00edvel em papel craft 220 gramas e miolo em papel P\u00f3len Bold 75 gramas.<\/p>\n","protected":false},"featured_media":149,"comment_status":"closed","ping_status":"closed","template":"","meta":[],"product_brand":[],"product_cat":[15],"product_tag":[],"class_list":{"0":"post-148","1":"product","2":"type-product","3":"status-publish","4":"has-post-thumbnail","6":"product_cat-uncategorized","7":"product_shipping_class-print","9":"first","10":"instock","11":"sale","12":"shipping-taxable","13":"purchasable","14":"product-type-simple"},"_links":{"self":[{"href":"https:\/\/www.augustozambonato.com\/shop\/wp-json\/wp\/v2\/product\/148","targetHints":{"allow":["GET"]}}],"collection":[{"href":"https:\/\/www.augustozambonato.com\/shop\/wp-json\/wp\/v2\/product"}],"about":[{"href":"https:\/\/www.augustozambonato.com\/shop\/wp-json\/wp\/v2\/types\/product"}],"replies":[{"embeddable":true,"href":"https:\/\/www.augustozambonato.com\/shop\/wp-json\/wp\/v2\/comments?post=148"}],"wp:featuredmedia":[{"embeddable":true,"href":"https:\/\/www.augustozambonato.com\/shop\/wp-json\/wp\/v2\/media\/149"}],"wp:attachment":[{"href":"https:\/\/www.augustozambonato.com\/shop\/wp-json\/wp\/v2\/media?parent=148"}],"wp:term":[{"taxonomy":"product_brand","embeddable":true,"href":"https:\/\/www.augustozambonato.com\/shop\/wp-json\/wp\/v2\/product_brand?post=148"},{"taxonomy":"product_cat","embeddable":true,"href":"https:\/\/www.augustozambonato.com\/shop\/wp-json\/wp\/v2\/product_cat?post=148"},{"taxonomy":"product_tag","embeddable":true,"href":"https:\/\/www.augustozambonato.com\/shop\/wp-json\/wp\/v2\/product_tag?post=148"}],"curies":[{"name":"wp","href":"https:\/\/api.w.org\/{rel}","templated":true}]}}