{"id":128,"date":"2018-12-27T14:18:55","date_gmt":"2018-12-27T16:18:55","guid":{"rendered":"https:\/\/www.augustozambonato.com\/shop\/?post_type=product&#038;p=128"},"modified":"2020-11-20T10:35:11","modified_gmt":"2020-11-20T12:35:11","slug":"gravura-procura","status":"publish","type":"product","link":"https:\/\/www.augustozambonato.com\/shop\/product\/gravura-procura\/","title":{"rendered":"Gravura Procura"},"content":{"rendered":"","protected":false},"excerpt":{"rendered":"<p>Edi\u00e7\u00e3o limitada de gravura em lin\u00f3leo em preto e branco, 14 x 21 cm, impressa sobre papel Couch\u00ea 180 gramas.<\/p>\n","protected":false},"featured_media":129,"comment_status":"closed","ping_status":"closed","template":"","meta":[],"product_brand":[],"product_cat":[15],"product_tag":[],"class_list":{"0":"post-128","1":"product","2":"type-product","3":"status-publish","4":"has-post-thumbnail","6":"product_cat-uncategorized","7":"product_shipping_class-print","9":"first","10":"instock","11":"sale","12":"shipping-taxable","13":"purchasable","14":"product-type-simple"},"_links":{"self":[{"href":"https:\/\/www.augustozambonato.com\/shop\/wp-json\/wp\/v2\/product\/128","targetHints":{"allow":["GET"]}}],"collection":[{"href":"https:\/\/www.augustozambonato.com\/shop\/wp-json\/wp\/v2\/product"}],"about":[{"href":"https:\/\/www.augustozambonato.com\/shop\/wp-json\/wp\/v2\/types\/product"}],"replies":[{"embeddable":true,"href":"https:\/\/www.augustozambonato.com\/shop\/wp-json\/wp\/v2\/comments?post=128"}],"wp:featuredmedia":[{"embeddable":true,"href":"https:\/\/www.augustozambonato.com\/shop\/wp-json\/wp\/v2\/media\/129"}],"wp:attachment":[{"href":"https:\/\/www.augustozambonato.com\/shop\/wp-json\/wp\/v2\/media?parent=128"}],"wp:term":[{"taxonomy":"product_brand","embeddable":true,"href":"https:\/\/www.augustozambonato.com\/shop\/wp-json\/wp\/v2\/product_brand?post=128"},{"taxonomy":"product_cat","embeddable":true,"href":"https:\/\/www.augustozambonato.com\/shop\/wp-json\/wp\/v2\/product_cat?post=128"},{"taxonomy":"product_tag","embeddable":true,"href":"https:\/\/www.augustozambonato.com\/shop\/wp-json\/wp\/v2\/product_tag?post=128"}],"curies":[{"name":"wp","href":"https:\/\/api.w.org\/{rel}","templated":true}]}}