{"id":1045,"date":"2021-01-22T15:53:02","date_gmt":"2021-01-22T17:53:02","guid":{"rendered":"https:\/\/www.augustozambonato.com\/shop\/?post_type=product&#038;p=1045"},"modified":"2021-01-26T16:02:34","modified_gmt":"2021-01-26T18:02:34","slug":"sketchbook-bussola","status":"publish","type":"product","link":"https:\/\/www.augustozambonato.com\/shop\/product\/sketchbook-bussola\/","title":{"rendered":"Sketchbook B\u00fassola"},"content":{"rendered":"","protected":false},"excerpt":{"rendered":"<p>Sketchbook 9 x 14 cm com 20 p\u00e1ginas sem pauta. Capa flex\u00edvel em papel craft 220 gramas e miolo em papel P\u00f3len Bold 75 gramas.<\/p>\n","protected":false},"featured_media":1047,"comment_status":"closed","ping_status":"closed","template":"","meta":[],"product_brand":[],"product_cat":[15],"product_tag":[],"class_list":{"0":"post-1045","1":"product","2":"type-product","3":"status-publish","4":"has-post-thumbnail","6":"product_cat-uncategorized","7":"product_shipping_class-print","9":"first","10":"instock","11":"sale","12":"shipping-taxable","13":"purchasable","14":"product-type-simple"},"_links":{"self":[{"href":"https:\/\/www.augustozambonato.com\/shop\/wp-json\/wp\/v2\/product\/1045","targetHints":{"allow":["GET"]}}],"collection":[{"href":"https:\/\/www.augustozambonato.com\/shop\/wp-json\/wp\/v2\/product"}],"about":[{"href":"https:\/\/www.augustozambonato.com\/shop\/wp-json\/wp\/v2\/types\/product"}],"replies":[{"embeddable":true,"href":"https:\/\/www.augustozambonato.com\/shop\/wp-json\/wp\/v2\/comments?post=1045"}],"wp:featuredmedia":[{"embeddable":true,"href":"https:\/\/www.augustozambonato.com\/shop\/wp-json\/wp\/v2\/media\/1047"}],"wp:attachment":[{"href":"https:\/\/www.augustozambonato.com\/shop\/wp-json\/wp\/v2\/media?parent=1045"}],"wp:term":[{"taxonomy":"product_brand","embeddable":true,"href":"https:\/\/www.augustozambonato.com\/shop\/wp-json\/wp\/v2\/product_brand?post=1045"},{"taxonomy":"product_cat","embeddable":true,"href":"https:\/\/www.augustozambonato.com\/shop\/wp-json\/wp\/v2\/product_cat?post=1045"},{"taxonomy":"product_tag","embeddable":true,"href":"https:\/\/www.augustozambonato.com\/shop\/wp-json\/wp\/v2\/product_tag?post=1045"}],"curies":[{"name":"wp","href":"https:\/\/api.w.org\/{rel}","templated":true}]}}