{"id":104,"date":"2018-12-27T10:57:44","date_gmt":"2018-12-27T12:57:44","guid":{"rendered":"https:\/\/www.augustozambonato.com\/shop\/?post_type=product&#038;p=104"},"modified":"2025-04-16T09:08:53","modified_gmt":"2025-04-16T11:08:53","slug":"pianista","status":"publish","type":"product","link":"https:\/\/www.augustozambonato.com\/shop\/product\/pianista\/","title":{"rendered":"Gravura Pianista"},"content":{"rendered":"","protected":false},"excerpt":{"rendered":"<p>Edi\u00e7\u00e3o limitada de gravura em lin\u00f3leo, 14 x 21 cm, impressa sobre papel Arches 180 gramas.<\/p>\n","protected":false},"featured_media":127,"comment_status":"open","ping_status":"closed","template":"","meta":[],"product_brand":[],"product_cat":[15],"product_tag":[],"class_list":{"0":"post-104","1":"product","2":"type-product","3":"status-publish","4":"has-post-thumbnail","6":"product_cat-uncategorized","7":"product_shipping_class-print","9":"first","10":"instock","11":"sale","12":"shipping-taxable","13":"purchasable","14":"product-type-simple"},"_links":{"self":[{"href":"https:\/\/www.augustozambonato.com\/shop\/wp-json\/wp\/v2\/product\/104","targetHints":{"allow":["GET"]}}],"collection":[{"href":"https:\/\/www.augustozambonato.com\/shop\/wp-json\/wp\/v2\/product"}],"about":[{"href":"https:\/\/www.augustozambonato.com\/shop\/wp-json\/wp\/v2\/types\/product"}],"replies":[{"embeddable":true,"href":"https:\/\/www.augustozambonato.com\/shop\/wp-json\/wp\/v2\/comments?post=104"}],"wp:featuredmedia":[{"embeddable":true,"href":"https:\/\/www.augustozambonato.com\/shop\/wp-json\/wp\/v2\/media\/127"}],"wp:attachment":[{"href":"https:\/\/www.augustozambonato.com\/shop\/wp-json\/wp\/v2\/media?parent=104"}],"wp:term":[{"taxonomy":"product_brand","embeddable":true,"href":"https:\/\/www.augustozambonato.com\/shop\/wp-json\/wp\/v2\/product_brand?post=104"},{"taxonomy":"product_cat","embeddable":true,"href":"https:\/\/www.augustozambonato.com\/shop\/wp-json\/wp\/v2\/product_cat?post=104"},{"taxonomy":"product_tag","embeddable":true,"href":"https:\/\/www.augustozambonato.com\/shop\/wp-json\/wp\/v2\/product_tag?post=104"}],"curies":[{"name":"wp","href":"https:\/\/api.w.org\/{rel}","templated":true}]}}