{"id":1028,"date":"2020-06-23T16:20:51","date_gmt":"2020-06-23T18:20:51","guid":{"rendered":"https:\/\/www.augustozambonato.com\/shop\/?post_type=product&#038;p=1028"},"modified":"2020-06-23T16:21:47","modified_gmt":"2020-06-23T18:21:47","slug":"cafe-da-manha","status":"publish","type":"product","link":"https:\/\/www.augustozambonato.com\/shop\/product\/cafe-da-manha\/","title":{"rendered":"Caf\u00e9 da manh\u00e3"},"content":{"rendered":"","protected":false},"excerpt":{"rendered":"<p>Print 30 x 40 cm, impress\u00e3o digital de alta qualidade em papel 200 gramas.<\/p>\n","protected":false},"featured_media":1029,"comment_status":"open","ping_status":"closed","template":"","meta":[],"product_brand":[],"product_cat":[15],"product_tag":[],"class_list":{"0":"post-1028","1":"product","2":"type-product","3":"status-publish","4":"has-post-thumbnail","6":"product_cat-uncategorized","7":"product_shipping_class-print","9":"first","10":"instock","11":"shipping-taxable","12":"purchasable","13":"product-type-simple"},"_links":{"self":[{"href":"https:\/\/www.augustozambonato.com\/shop\/wp-json\/wp\/v2\/product\/1028","targetHints":{"allow":["GET"]}}],"collection":[{"href":"https:\/\/www.augustozambonato.com\/shop\/wp-json\/wp\/v2\/product"}],"about":[{"href":"https:\/\/www.augustozambonato.com\/shop\/wp-json\/wp\/v2\/types\/product"}],"replies":[{"embeddable":true,"href":"https:\/\/www.augustozambonato.com\/shop\/wp-json\/wp\/v2\/comments?post=1028"}],"wp:featuredmedia":[{"embeddable":true,"href":"https:\/\/www.augustozambonato.com\/shop\/wp-json\/wp\/v2\/media\/1029"}],"wp:attachment":[{"href":"https:\/\/www.augustozambonato.com\/shop\/wp-json\/wp\/v2\/media?parent=1028"}],"wp:term":[{"taxonomy":"product_brand","embeddable":true,"href":"https:\/\/www.augustozambonato.com\/shop\/wp-json\/wp\/v2\/product_brand?post=1028"},{"taxonomy":"product_cat","embeddable":true,"href":"https:\/\/www.augustozambonato.com\/shop\/wp-json\/wp\/v2\/product_cat?post=1028"},{"taxonomy":"product_tag","embeddable":true,"href":"https:\/\/www.augustozambonato.com\/shop\/wp-json\/wp\/v2\/product_tag?post=1028"}],"curies":[{"name":"wp","href":"https:\/\/api.w.org\/{rel}","templated":true}]}}